{"id":1167,"date":"2023-07-25T11:45:04","date_gmt":"2023-07-25T09:45:04","guid":{"rendered":"https:\/\/medyoucation.medicon.de\/?page_id=1167"},"modified":"2024-06-10T10:52:41","modified_gmt":"2024-06-10T08:52:41","slug":"hallo-wir-sind-die-medicon-youngsters","status":"publish","type":"page","link":"https:\/\/medyoucation.medicon.de\/?page_id=1167","title":{"rendered":"Hallo, wir sind die Medicon Youngsters"},"content":{"rendered":"\n<div class=\"wp-block-columns alignwide is-not-stacked-on-mobile has-tertiary-background-color has-background is-layout-flex wp-container-core-columns-is-layout-28f84493 wp-block-columns-is-layout-flex\">\n<div class=\"wp-block-column is-layout-flow wp-block-column-is-layout-flow\" style=\"flex-basis:66.66%\">\n<p style=\"line-height:1.4\"><strong>Hey, mein Name ist Fiona<\/strong> <strong>Hainke<\/strong><\/p>\n\n\n\n<hr class=\"wp-block-separator has-text-color has-primary-color has-alpha-channel-opacity has-primary-background-color has-background is-style-wide\" style=\"margin-top:var(--wp--preset--spacing--20);margin-bottom:var(--wp--preset--spacing--30)\"\/>\n\n\n\n<p style=\"margin-top:0;margin-bottom:0;line-height:1.4\">Hallo, mein Name ist Fiona Hainke. Ich bin 21 Jahre alt und habe im September meine Ausbildung als Kauffrau im Gro\u00df -und Au\u00dfenhandelsmanagement mit Zusatzqualifikation begonnen.<\/p>\n\n\n\n<p style=\"line-height:1.4\">In meiner Freizeit mache ich sehr gerne Kraftausdauersport, gehe gerne wandern und spiele Klavier. Auf die Ausbildung bei der Medicon und die zuk\u00fcnftigen Herausforderungen freue ich mich sehr. Dar\u00fcber hinaus freue ich mich, Sie alle kennenzulernen, viel neues Wissen und Erfahrungen von Ihnen mit auf den Weg zu bekommen.<\/p>\n<\/div>\n\n\n\n<div class=\"wp-block-column is-layout-flow wp-block-column-is-layout-flow\" style=\"flex-basis:33.33%\">\n<figure class=\"wp-block-image size-full\"><img loading=\"lazy\" decoding=\"async\" width=\"400\" height=\"484\" src=\"https:\/\/medyoucation.medicon.de\/wp-content\/uploads\/2023\/10\/Fiona_Neu.jpg\" alt=\"\" class=\"wp-image-1319\" srcset=\"https:\/\/medyoucation.medicon.de\/wp-content\/uploads\/2023\/10\/Fiona_Neu.jpg 400w, https:\/\/medyoucation.medicon.de\/wp-content\/uploads\/2023\/10\/Fiona_Neu-248x300.jpg 248w\" sizes=\"auto, (max-width: 400px) 100vw, 400px\" \/><\/figure>\n<\/div>\n<\/div>\n\n\n\n<div class=\"wp-block-columns alignwide has-tertiary-background-color has-background is-layout-flex wp-container-core-columns-is-layout-28f84493 wp-block-columns-is-layout-flex\">\n<div class=\"wp-block-column is-layout-flow wp-block-column-is-layout-flow\" style=\"flex-basis:33.33%\">\n<figure class=\"wp-block-image size-full is-resized\"><img loading=\"lazy\" decoding=\"async\" width=\"150\" height=\"188\" src=\"https:\/\/medyoucation.medicon.de\/wp-content\/uploads\/2023\/10\/Lara_Neu.jpg\" alt=\"\" class=\"wp-image-1372\" style=\"aspect-ratio:0.7978723404255319;width:224px;height:auto\"\/><\/figure>\n<\/div>\n\n\n\n<div class=\"wp-block-column is-layout-flow wp-container-core-column-is-layout-f5bb311e wp-block-column-is-layout-flow\" style=\"flex-basis:66.66%\">\n<p class=\"has-primary-color has-text-color\" style=\"line-height:1.4\"><strong>Hallo, mein Name ist Lara Foll. <\/strong><\/p>\n\n\n\n<hr class=\"wp-block-separator has-text-color has-primary-color has-alpha-channel-opacity has-primary-background-color has-background is-style-wide\"\/>\n\n\n\n<p class=\"has-primary-color has-text-color\" style=\"line-height:1.4\">Ich bin 18 Jahre alt und wohne in D\u00fcrbheim. Im September 2022 habe ich hier in der Firma Medicon meine Ausbildung als Kauffrau im Gro\u00df und Au\u00dfenhandelsmanagement begonnen. In meiner Freizeit gehe ich gerne und regelm\u00e4\u00dfig ins Fitnessstudio oder mache Bilder mit meiner Canon. Auf die Ausbildung bei der Medicon freue ich mich sehr, sowie die Mitarbeiter kennenzulernen. Die zuk\u00fcnftigen Herausforderungen nehme ich gerne an und hoffe, dass ich mich gut einbringen kann.<\/p>\n<\/div>\n<\/div>\n\n\n\n<div class=\"wp-block-columns alignwide has-secondary-color has-tertiary-background-color has-text-color has-background is-layout-flex wp-container-core-columns-is-layout-28f84493 wp-block-columns-is-layout-flex\">\n<div class=\"wp-block-column is-layout-flow wp-block-column-is-layout-flow\" style=\"flex-basis:66.66%\">\n<p class=\"has-primary-color has-text-color\" style=\"line-height:1.4\"><strong>Hallo, mein Name ist Leon Raff.<\/strong><\/p>\n\n\n\n<hr class=\"wp-block-separator has-text-color has-primary-color has-alpha-channel-opacity has-primary-background-color has-background is-style-wide\" style=\"margin-top:var(--wp--preset--spacing--30);margin-bottom:0\"\/>\n\n\n\n<p class=\"has-primary-color has-text-color\" style=\"margin-top:var(--wp--preset--spacing--30);margin-bottom:var(--wp--preset--spacing--30);line-height:1.4\">Ich bin momentan 17 Jahre und mache hier meine Ausbildung bei Medicon als Fachkraft f\u00fcr Lagerlogistik.<br>Ich habe in der 10. Klasse ein Praktikum hier absolviert, was mich sehr beeindruckt hat. Durch dieses Praktikum konnte ich zum ersten Mal ein Gef\u00fchl f\u00fcr die Atmosph\u00e4re in einem Betrieb entwickeln und war direkt begeistert, sowohl von den Kollegen*innen, als auch von der Arbeit im Allgemeinen<\/p>\n\n\n\n<p class=\"has-primary-color has-text-color\" style=\"line-height:1.4\">In meiner Freizeit unternehme ich viel Freunden oder Spiele mit Freunden am PC.<\/p>\n<\/div>\n\n\n\n<div class=\"wp-block-column is-layout-flow wp-block-column-is-layout-flow\" style=\"flex-basis:33.33%\">\n<figure class=\"wp-block-image size-full\"><img loading=\"lazy\" decoding=\"async\" width=\"312\" height=\"481\" src=\"https:\/\/medyoucation.medicon.de\/wp-content\/uploads\/2023\/10\/Leon_Raff.jpg\" alt=\"\" class=\"wp-image-1310\" srcset=\"https:\/\/medyoucation.medicon.de\/wp-content\/uploads\/2023\/10\/Leon_Raff.jpg 312w, https:\/\/medyoucation.medicon.de\/wp-content\/uploads\/2023\/10\/Leon_Raff-195x300.jpg 195w\" sizes=\"auto, (max-width: 312px) 100vw, 312px\" \/><\/figure>\n<\/div>\n<\/div>\n\n\n\n<div class=\"wp-block-columns alignwide has-tertiary-background-color has-background is-layout-flex wp-container-core-columns-is-layout-47c5d72a wp-block-columns-is-layout-flex\" style=\"margin-bottom:var(--wp--preset--spacing--80)\">\n<div class=\"wp-block-column is-layout-flow wp-block-column-is-layout-flow\" style=\"flex-basis:33.33%\">\n<figure class=\"wp-block-image size-full\"><img loading=\"lazy\" decoding=\"async\" width=\"400\" height=\"484\" src=\"https:\/\/medyoucation.medicon.de\/wp-content\/uploads\/2023\/10\/Zoe_3.png\" alt=\"\" class=\"wp-image-1297\" srcset=\"https:\/\/medyoucation.medicon.de\/wp-content\/uploads\/2023\/10\/Zoe_3.png 400w, https:\/\/medyoucation.medicon.de\/wp-content\/uploads\/2023\/10\/Zoe_3-248x300.png 248w\" sizes=\"auto, (max-width: 400px) 100vw, 400px\" \/><\/figure>\n<\/div>\n\n\n\n<div class=\"wp-block-column is-layout-flow wp-container-core-column-is-layout-f5bb311e wp-block-column-is-layout-flow\" style=\"flex-basis:66.66%\">\n<p style=\"line-height:1.4\"><strong>Hallo, mein Name ist Zoe Mauch. <\/strong><\/p>\n\n\n\n<hr class=\"wp-block-separator has-text-color has-primary-color has-alpha-channel-opacity has-primary-background-color has-background is-style-wide\" style=\"margin-top:var(--wp--preset--spacing--30);margin-bottom:0\"\/>\n\n\n\n<p style=\"line-height:1.4\">Ich hatte bereits die Chance, ein Praktikum bei Medicon zu machen, um das Unternehmen besser kennenzulernen und herauszufinden, ob es als dualer Partner f\u00fcr meinen Studiengang BWL \u2013 International Business infrage kommt.<br>W\u00e4hrend meines Praktikums erhielt ich Einblicke in verschiedene Abteilungen, darunter Produktentwicklung, Marketing, Ausbildung, Fertigung &amp; Logistik, Einkauf, Business Development und die Business-Units. Durch diese wertvolle Erfahrung des Praktikums habe ich mich letztendlich f\u00fcr Medicon als dualen Partner f\u00fcr mein Studium entschieden.<\/p>\n<\/div>\n<\/div>\n\n\n\n<div class=\"wp-block-columns alignwide has-tertiary-background-color has-background is-layout-flex wp-container-core-columns-is-layout-28f84493 wp-block-columns-is-layout-flex\">\n<div class=\"wp-block-column is-layout-flow wp-container-core-column-is-layout-f5bb311e wp-block-column-is-layout-flow\" style=\"flex-basis:66.66%\">\n<p style=\"line-height:1.4\"><strong>Hallo zusammen, ich hei\u00dfe Ann-Cristin Nagy.<\/strong><\/p>\n\n\n\n<hr class=\"wp-block-separator has-text-color has-primary-color has-alpha-channel-opacity has-primary-background-color has-background is-style-wide\"\/>\n\n\n\n<p style=\"line-height:1.4\">Ich bin 18 Jahre alt und habe meinen Hauptschulabschluss <br>an der Ludwig-Uhland-Realschule gemacht und mache nun die Ausbildung zur Kauffrau f\u00fcr Gro\u00df und Au\u00dfenhandels-management. <br>In meiner Freizeit gehe ich gerne mit meinen Freunden Caf\u00e9 trinken und koche auch gerne.<\/p>\n<\/div>\n\n\n\n<div class=\"wp-block-column is-layout-flow wp-block-column-is-layout-flow\" style=\"flex-basis:33.33%\">\n<figure class=\"wp-block-image size-full\"><img loading=\"lazy\" decoding=\"async\" width=\"400\" height=\"484\" src=\"https:\/\/medyoucation.medicon.de\/wp-content\/uploads\/2023\/10\/Ann-Christin_Nagy_X-1.jpg\" alt=\"\" class=\"wp-image-1317\" srcset=\"https:\/\/medyoucation.medicon.de\/wp-content\/uploads\/2023\/10\/Ann-Christin_Nagy_X-1.jpg 400w, https:\/\/medyoucation.medicon.de\/wp-content\/uploads\/2023\/10\/Ann-Christin_Nagy_X-1-248x300.jpg 248w\" sizes=\"auto, (max-width: 400px) 100vw, 400px\" \/><\/figure>\n<\/div>\n<\/div>\n","protected":false},"excerpt":{"rendered":"<p>Hey, mein Name ist Fiona Hainke Hallo, mein Name ist Fiona Hainke. Ich bin 21 Jahre alt und habe im September meine Ausbildung als Kauffrau im Gro\u00df -und Au\u00dfenhandelsmanagement mit Zusatzqualifikation begonnen. In meiner Freizeit mache ich sehr gerne Kraftausdauersport, gehe gerne wandern und spiele Klavier. Auf die Ausbildung bei der Medicon und die zuk\u00fcnftigen [&hellip;]<\/p>\n","protected":false},"author":4,"featured_media":0,"parent":381,"menu_order":0,"comment_status":"closed","ping_status":"closed","template":"ausbilderteam","meta":{"footnotes":""},"categories":[],"tags":[],"class_list":["post-1167","page","type-page","status-publish","hentry"],"_links":{"self":[{"href":"https:\/\/medyoucation.medicon.de\/index.php?rest_route=\/wp\/v2\/pages\/1167","targetHints":{"allow":["GET"]}}],"collection":[{"href":"https:\/\/medyoucation.medicon.de\/index.php?rest_route=\/wp\/v2\/pages"}],"about":[{"href":"https:\/\/medyoucation.medicon.de\/index.php?rest_route=\/wp\/v2\/types\/page"}],"author":[{"embeddable":true,"href":"https:\/\/medyoucation.medicon.de\/index.php?rest_route=\/wp\/v2\/users\/4"}],"replies":[{"embeddable":true,"href":"https:\/\/medyoucation.medicon.de\/index.php?rest_route=%2Fwp%2Fv2%2Fcomments&post=1167"}],"version-history":[{"count":72,"href":"https:\/\/medyoucation.medicon.de\/index.php?rest_route=\/wp\/v2\/pages\/1167\/revisions"}],"predecessor-version":[{"id":1505,"href":"https:\/\/medyoucation.medicon.de\/index.php?rest_route=\/wp\/v2\/pages\/1167\/revisions\/1505"}],"up":[{"embeddable":true,"href":"https:\/\/medyoucation.medicon.de\/index.php?rest_route=\/wp\/v2\/pages\/381"}],"wp:attachment":[{"href":"https:\/\/medyoucation.medicon.de\/index.php?rest_route=%2Fwp%2Fv2%2Fmedia&parent=1167"}],"wp:term":[{"taxonomy":"category","embeddable":true,"href":"https:\/\/medyoucation.medicon.de\/index.php?rest_route=%2Fwp%2Fv2%2Fcategories&post=1167"},{"taxonomy":"post_tag","embeddable":true,"href":"https:\/\/medyoucation.medicon.de\/index.php?rest_route=%2Fwp%2Fv2%2Ftags&post=1167"}],"curies":[{"name":"wp","href":"https:\/\/api.w.org\/{rel}","templated":true}]}}