{"id":381,"date":"2022-08-05T08:12:07","date_gmt":"2022-08-05T06:12:07","guid":{"rendered":"https:\/\/medyoucation.medicon.de\/?page_id=381"},"modified":"2026-03-04T10:34:04","modified_gmt":"2026-03-04T09:34:04","slug":"wissensbasis-ausbildung","status":"publish","type":"page","link":"https:\/\/medyoucation.medicon.de\/?page_id=381","title":{"rendered":"Wissensbasis Ausbildung"},"content":{"rendered":"\n<h2 class=\"wp-block-heading has-white-color has-custom-medicon-rot-background-color has-text-color has-background has-large-font-size\" style=\"font-style:normal;font-weight:700;letter-spacing:1px\">Alle Facts f\u00fcr die Azubi&#8217;s im \u00dcberblick <\/h2>\n\n\n\n<ul class=\"wp-block-list has-primary-color has-text-color\">\n<li><a href=\"https:\/\/medicon.de\/medyoucation\/Azubi_Plattform\/04_03_2026_Ausbildungsplan bis August 2026.pdf\" target=\"_blank\" rel=\"noreferrer noopener\">Ausbildungsplan<\/a><\/li>\n\n\n\n<li><a href=\"https:\/\/medicon.de\/medyoucation\/Azubi_Plattform\/Ausbildungsplan_Janseli Akman.pdf\">Ausbildungsplan Janseli Akman<\/a><\/li>\n\n\n\n<li>Ausbildungsprofile der Abteilungen:<ul><li><a href=\"https:\/\/medicon.de\/medyoucation\/Azubi_Plattform\/Ausbildungsprofil_Auszubildende_Ausbilder.pdf\">Ausbilder<\/a><\/li><li><a href=\"https:\/\/medicon.de\/medyoucation\/Azubi_Plattform\/Ausbildungsprofil_Auszubildende_ENT.pdf\">ENT<\/a><\/li><li><a href=\"https:\/\/medicon.de\/medyoucation\/Azubi_Plattform\/Ausbildungsprofil_BU_NEURO_SPINE.pdf\">BU NeuroSpine<\/a><\/li><li><a href=\"https:\/\/medicon.de\/medyoucation\/Azubi_Plattform\/Ausbildungsprofil_Business_Units.pdf\">Business Units<\/a><\/li><li><span style=\"background-color: var(--wp--preset--color--secondary); font-family: var(--wp--preset--font-family--ibm-plex-sans); font-size: var(--wp--preset--font-size--medium);\"><a href=\"https:\/\/medicon.de\/medyoucation\/Azubi_Plattform\/Ausbildungsprofil_Auszubildende_HR.pdf\">HR<\/a><\/span><\/li><\/ul><ul><li><a href=\"https:\/\/medicon.de\/medyoucation\/Azubi_Plattform\/Ausbildungsprofil_Auszubildende_ITO.pdf\">ITO<\/a><\/li><li><a href=\"https:\/\/medicon.de\/medyoucation\/Azubi_Plattform\/Ausbildungsprofil_Auszubildende_MKT.pdf\">MKT<\/a><\/li><li><a href=\"https:\/\/medicon.de\/medyoucation\/Azubi_Plattform\/Ausbildungsprofil_Auszubildende_Service.pdf\">Service<\/a><\/li><li><a href=\"https:\/\/medicon.de\/medyoucation\/Azubi_Plattform\/Ausbildungsprofil_Faktura.pdf\">Faktura<\/a><\/li><li><a href=\"https:\/\/medicon.de\/medyoucation\/Azubi_Plattform\/Ausbildungsprofil_Fertigung.pdf\">Fertigung<\/a><\/li><li><a href=\"https:\/\/medicon.de\/medyoucation\/Azubi_Plattform\/Ausbildungsprofil_Fibu und Controlling.pdf\">Finanzbuchhaltung und Controlling<\/a><\/li><li><a href=\"https:\/\/medicon.de\/medyoucation\/Azubi_Plattform\/Ausbildungsprofil_Lager.pdf\">Lager<\/a><\/li><li><a href=\"https:\/\/medicon.de\/medyoucation\/Azubi_Plattform\/Ausbildungsprofil_operativer_Einkauf.pdf\">Operativer Einkauf<\/a><\/li><li><a href=\"https:\/\/medicon.de\/medyoucation\/Azubi_Plattform\/Ausbildungsprofil_Strategischer_Einkauf.pdf\">Strategischer Einkauf<\/a><\/li><li><a href=\"https:\/\/medicon.de\/medyoucation\/Azubi_Plattform\/Ausbildungsprofil_QM_RA.pdf\">QM \/ RA<\/a><\/li><\/ul>\n<ul class=\"wp-block-list\">\n<li><a href=\"https:\/\/medicon.de\/medyoucation\/Azubi_Plattform\/Ausbildungsprofil_QS.pdf\">QS<\/a><\/li>\n\n\n\n<li><span style=\"background-color: var(--wp--preset--color--secondary); font-family: var(--wp--preset--font-family--ibm-plex-sans); font-size: var(--wp--preset--font-size--medium);\"><a href=\"https:\/\/medicon.de\/medyoucation\/Azubi_Plattform\/Ausbildungsprofil_Versand.pdf\">Versand<\/a><\/span><\/li>\n<\/ul>\n<\/li>\n\n\n\n<li><a href=\"https:\/\/medicon.de\/medyoucation\/Azubi_Plattform\/06_2024Ansprechpartner.xlsx\">Ansprechpartner in den Abteilungen<\/a><\/li>\n\n\n\n<li><a href=\"https:\/\/medicon.de\/medyoucation\/Azubi_Plattform\/7470_F_Beurteilungsbogen_Ausbildende.xlsx\">Beurteilung der Abteilung<\/a><\/li>\n\n\n\n<li>Berichtswesen<\/li>\n\n\n\n<li><a href=\"https:\/\/medicon.de\/medyoucation\/Azubi_Plattform\/\">Regeln f\u00fcr <\/a><a href=\"https:\/\/medicon.de\/medyoucation\/Azubi_Plattform\/Neue_Regelungen_Azubis_14.01.2022_7008_F.pdf\">Youngsters<\/a><\/li>\n\n\n\n<li><a href=\"https:\/\/medicon.de\/medyoucation\/Azubi_Plattform\/Vertretung_Zentrale_03_09_2024.pdf\">Vertretungsplan Zentrale<\/a><\/li>\n\n\n\n<li><a href=\"https:\/\/medyoucation.medicon.de\/?page_id=1062\">Was hast du sonst noch drauf?<\/a><\/li>\n<\/ul>\n\n\n\n<h2 class=\"wp-block-heading has-white-color has-custom-medicon-rot-background-color has-text-color has-background has-large-font-size\" style=\"font-style:normal;font-weight:700;letter-spacing:1px\">Wissenswertes und Informationen f\u00fcr die Abteilungen<\/h2>\n\n\n\n<ul class=\"wp-block-list\">\n<li><a href=\"https:\/\/medyoucation.medicon.de\/?p=498\">Ausbildung bei Medicon<\/a><\/li>\n\n\n\n<li>Rahmenpl\u00e4ne IHK\n\n\n\n\n\n\n\n\n\n\n\n\n\n\n\n\n\n\n\n\n\n\n\n\n\n\n\n\n\n\n\n\n\n\n\n\n\n\n\n\n\n\n\n\n\n\n\n\n\n\n\n\n\n\n\n\n\n\n\n\n\n\n\n\n\n\n\n\n\n\n\n\n\n\n\n\n\n\n\n\n\n\n\n\n\n\n\n\n\n\n\n\n\n\n\n\n\n\n\n\n\n\n\n\n\n\n\n\n\n\n\n\n\n\n\n\n\n\n\n\n\n\n\n\n\n\n\n\n\n\n\n\n\n\n\n\n\n\n\n\n\n\n\n\n\n\n\n\n\n\n\n\n\n\n<ul class=\"wp-block-list\">\n<li><a href=\"https:\/\/medicon.de\/medyoucation\/Azubi_Plattform\/Rahmenplaene_IHK\/Fachkraft_fuer_Lagerlogistik_SuZ.pdf\">Fachkraft f\u00fcr Lagerlogistik<\/a><\/li>\n<\/ul>\n\n\n\n<ul class=\"wp-block-list\">\n<li><a href=\"https:\/\/medicon.de\/medyoucation\/Azubi_Plattform\/Rahmenplaene_IHK\/Fachlagerist_SuZ.pdf\">Fachlagerist<\/a>\n\n<\/li>\n<\/ul>\n\n\n\n<ul class=\"wp-block-list\">\n<li><a href=\"https:\/\/medicon.de\/medyoucation\/Azubi_Plattform\/Rahmenplaene_IHK\/Kaufl_im_Gro\u00df_und_Au\u00dfenhandel.pdf\" data-type=\"page\">Kaufleute im Gro\u00df- und Einzelhandel<\/a><\/li>\n<\/ul>\n<\/li>\n\n\n\n<li>Bevor der Azubi in die Abteilung kommt<\/li>\n\n\n\n<li><a href=\"https:\/\/medicon.de\/medyoucation\/Azubi_Plattform\/2022_07_Regeln_im_Umgang_mit_Azubis.pdf\">Regeln f\u00fcr den Umgang mit Azubis<\/a><\/li>\n\n\n\n<li><a href=\"https:\/\/medicon.de\/medyoucation\/Azubi_Plattform\/7468_F_Beurteilungsbogen_Abteilung.xlsx\">Beurteilung des Youngsters<\/a><\/li>\n<\/ul>\n\n\n\n<h2 class=\"wp-block-heading has-white-color has-custom-medicon-rot-background-color has-text-color has-background has-large-font-size\" style=\"font-style:normal;font-weight:700;letter-spacing:1px\">Das Ausbilder Team<\/h2>\n\n\n\n<ul class=\"wp-block-list\">\n<li><a href=\"https:\/\/medyoucation.medicon.de\/?page_id=873\">Das sind unsere Ausbilder<\/a><\/li>\n\n\n\n<li><a href=\"https:\/\/medyoucation.medicon.de\/?page_id=967\">Werte und Grunds\u00e4tze der Ausbildung<\/a><\/li>\n<\/ul>\n\n\n\n<h2 class=\"wp-block-heading has-white-color has-custom-medicon-rot-background-color has-text-color has-background has-large-font-size\" style=\"font-style:normal;font-weight:700;letter-spacing:1px\">Unsere &#8222;Youngsters&#8220;<\/h2>\n\n\n\n<ul class=\"wp-block-list\">\n<li><a href=\"https:\/\/medyoucation.medicon.de\/?page_id=1167\">Hallo, wir sind die Medicon Youngsters<\/a><\/li>\n\n\n\n<li>Erfahrungsberichte<\/li>\n\n\n\n<li><a href=\"https:\/\/medicon.de\/medyoucation\/Azubi_Plattform\/Instagram_Youngsters.pdf\">Social Media<\/a><\/li>\n\n\n\n<li><a href=\"https:\/\/medicon.de\/events-azubi-schnuppertag\/\">Medicon entdecken &#8211; Schnuppernachmittag 2024<\/a><\/li>\n<\/ul>\n\n\n\n<div class=\"wp-block-group alignwide is-content-justification-left is-layout-flex wp-container-core-group-is-layout-e0e53f39 wp-block-group-is-layout-flex\" style=\"padding-top:4rem;padding-bottom:4rem\">\n<p style=\"font-style:normal;font-weight:700\"><a href=\"https:\/\/medyoucation.medicon.de\/\">MedYoucation<\/a><\/p>\n\n\n\n<p class=\"has-text-align-right\">Schulungsplattform der Medicon eG<\/p>\n<\/div>\n\n\n\n<p><\/p>\n","protected":false},"excerpt":{"rendered":"<p>Alle Facts f\u00fcr die Azubi&#8217;s im \u00dcberblick Wissenswertes und Informationen f\u00fcr die Abteilungen Das Ausbilder Team Unsere &#8222;Youngsters&#8220; MedYoucation Schulungsplattform der Medicon eG<\/p>\n","protected":false},"author":4,"featured_media":0,"parent":0,"menu_order":0,"comment_status":"closed","ping_status":"closed","template":"wp-custom-template-wissensbasis-ausbildung","meta":{"footnotes":""},"categories":[],"tags":[],"class_list":["post-381","page","type-page","status-publish","hentry"],"_links":{"self":[{"href":"https:\/\/medyoucation.medicon.de\/index.php?rest_route=\/wp\/v2\/pages\/381","targetHints":{"allow":["GET"]}}],"collection":[{"href":"https:\/\/medyoucation.medicon.de\/index.php?rest_route=\/wp\/v2\/pages"}],"about":[{"href":"https:\/\/medyoucation.medicon.de\/index.php?rest_route=\/wp\/v2\/types\/page"}],"author":[{"embeddable":true,"href":"https:\/\/medyoucation.medicon.de\/index.php?rest_route=\/wp\/v2\/users\/4"}],"replies":[{"embeddable":true,"href":"https:\/\/medyoucation.medicon.de\/index.php?rest_route=%2Fwp%2Fv2%2Fcomments&post=381"}],"version-history":[{"count":50,"href":"https:\/\/medyoucation.medicon.de\/index.php?rest_route=\/wp\/v2\/pages\/381\/revisions"}],"predecessor-version":[{"id":1828,"href":"https:\/\/medyoucation.medicon.de\/index.php?rest_route=\/wp\/v2\/pages\/381\/revisions\/1828"}],"wp:attachment":[{"href":"https:\/\/medyoucation.medicon.de\/index.php?rest_route=%2Fwp%2Fv2%2Fmedia&parent=381"}],"wp:term":[{"taxonomy":"category","embeddable":true,"href":"https:\/\/medyoucation.medicon.de\/index.php?rest_route=%2Fwp%2Fv2%2Fcategories&post=381"},{"taxonomy":"post_tag","embeddable":true,"href":"https:\/\/medyoucation.medicon.de\/index.php?rest_route=%2Fwp%2Fv2%2Ftags&post=381"}],"curies":[{"name":"wp","href":"https:\/\/api.w.org\/{rel}","templated":true}]}}