{"id":873,"date":"2023-02-07T12:15:00","date_gmt":"2023-02-07T11:15:00","guid":{"rendered":"https:\/\/medyoucation.medicon.de\/?page_id=873"},"modified":"2023-10-13T10:25:42","modified_gmt":"2023-10-13T08:25:42","slug":"unser-ausbilderteam","status":"publish","type":"page","link":"https:\/\/medyoucation.medicon.de\/?page_id=873","title":{"rendered":"Unser Ausbilderteam"},"content":{"rendered":"\n<div class=\"wp-block-columns is-layout-flex wp-container-core-columns-is-layout-28f84493 wp-block-columns-is-layout-flex\">\n<div class=\"wp-block-column is-layout-flow wp-block-column-is-layout-flow\" style=\"flex-basis:66.66%\">\n<p class=\"has-luminous-vivid-orange-color has-text-color has-large-font-size\" style=\"line-height:0\"><strong>Lorena Bogajo<\/strong><\/p>\n\n\n\n<p style=\"margin-top:var(--wp--preset--spacing--20)\">Customer Service<\/p>\n\n\n\n<ul class=\"wp-block-list\" style=\"line-height:1.4\">\n<li>Ausbildung: Kauffrau f\u00fcr B\u00fcrokommunikation<\/li>\n\n\n\n<li>Aufgabengebiet bei Medicon: Customer Service SURGICAL<\/li>\n\n\n\n<li>Familie: Verheiratet, eine Tochter<\/li>\n\n\n\n<li>Beruflicher Werdegang: \n<ul class=\"wp-block-list\">\n<li>2018 \u2013 heute: Medicon eG<\/li>\n\n\n\n<li>2007 \u2013 2018: Reda Instr. GmbH<\/li>\n\n\n\n<li>2005 \u2013 2005: rk Instrumente<\/li>\n\n\n\n<li>2002 \u2013 2005: Telekom AG \u2013 Ausbildung zur Kauffrau f\u00fcr B\u00fcrokommunikation<\/li>\n<\/ul>\n<\/li>\n<\/ul>\n<\/div>\n\n\n\n<div class=\"wp-block-column is-layout-flow wp-block-column-is-layout-flow\" style=\"flex-basis:33.33%\">\n<figure class=\"wp-block-image size-full\"><img loading=\"lazy\" decoding=\"async\" width=\"334\" height=\"388\" src=\"https:\/\/medyoucation.medicon.de\/wp-content\/uploads\/2023\/03\/Lorena_1.png\" alt=\"\" class=\"wp-image-1020\" srcset=\"https:\/\/medyoucation.medicon.de\/wp-content\/uploads\/2023\/03\/Lorena_1.png 334w, https:\/\/medyoucation.medicon.de\/wp-content\/uploads\/2023\/03\/Lorena_1-258x300.png 258w\" sizes=\"auto, (max-width: 334px) 100vw, 334px\" \/><\/figure>\n<\/div>\n<\/div>\n\n\n\n<p style=\"margin-top:var(--wp--preset--spacing--50);margin-right:0;margin-bottom:0;margin-left:0;line-height:1.5\"><strong>Wof\u00fcr steht Lorena Bogajo in der Ausbildung?<\/strong><\/p>\n\n\n\n<p style=\"margin-top:var(--wp--preset--spacing--20);margin-right:var(--wp--preset--spacing--20);margin-bottom:var(--wp--preset--spacing--20);margin-left:var(--wp--preset--spacing--20);line-height:1.4\"><em>Mir macht es totalen Spa\u00df mit jungen Menschen zu arbeiten und dadurch das \u201einnere Kind\u201c aufleben zu lassen. Die unterschiedlichen Charaktere und Denkweisen kennenzulernen, beim Erwachsenwerden zu unterst\u00fctzen und auch von den Jugendlichen zu lernen. Ich m\u00f6chte unseren Azubis eine ordentliche Ausbildung erm\u00f6glichen und den Start in das Berufsleben begleiten und unterst\u00fctzen.<\/em><\/p>\n\n\n\n<div style=\"height:40px\" aria-hidden=\"true\" class=\"wp-block-spacer\"><\/div>\n\n\n\n<div class=\"wp-block-columns is-layout-flex wp-container-core-columns-is-layout-28f84493 wp-block-columns-is-layout-flex\">\n<div class=\"wp-block-column is-layout-flow wp-block-column-is-layout-flow\" style=\"flex-basis:66.66%\">\n<p class=\"has-luminous-vivid-orange-color has-text-color has-large-font-size\" style=\"line-height:0\"><strong>Angelika Hiestand<\/strong> <\/p>\n\n\n\n<p style=\"margin-top:var(--wp--preset--spacing--20);margin-bottom:0\">Kaufmann f\u00fcr Gro\u00df- und Au\u00dfenhandelsmanagement<\/p>\n\n\n\n<ul class=\"wp-block-list\" style=\"line-height:1.4\">\n<li>Ausbildung: Jan. 2018: Abschluss Ausbildung zur Gro\u00df- und Au\u00dfenhandelskauffrau bei Medicon<\/li>\n\n\n\n<li>Ausbildung: Jan. 2018: Abschluss Ausbildung zur Gro\u00df- und Au\u00dfenhandelskauffrau bei Medicon<\/li>\n\n\n\n<li>Aufgabengebiet bei Medicon: Customer Service NEURO+SPINE \u2013 Kundenbetreuung von Direktkunden in Deutschland und H\u00e4ndlern international im Innendienst, Zusammenarbeit mit dem Au\u00dfendienst, Erfassung von Auftr\u00e4gen und Angeboten, Liefertermin\u00fcberwachung<\/li>\n\n\n\n<li>Beruflicher Werdegang: \n<ul class=\"wp-block-list\">\n<li>2018 \u2013 2021: : Customer Service Asien &amp; Osteuropa bei Medicon<\/li>\n\n\n\n<li>Seit 2021: Customer Service NEURO+SPINE bei Medicon<\/li>\n\n\n\n<li>2019 \u2013 2021: Weiterbildung zur gepr. Wirtschaftsfachwirtin IHK<\/li>\n\n\n\n<li>2021: AEVO Pr\u00fcfung absolviert<\/li>\n\n\n\n<li>Seit 2021: Ausbilderin bei Medicon<\/li>\n<\/ul>\n<\/li>\n<\/ul>\n<\/div>\n\n\n\n<div class=\"wp-block-column is-layout-flow wp-block-column-is-layout-flow\" style=\"flex-basis:33.33%\">\n<figure class=\"wp-block-image size-full\"><img loading=\"lazy\" decoding=\"async\" width=\"336\" height=\"389\" src=\"https:\/\/medyoucation.medicon.de\/wp-content\/uploads\/2023\/03\/Angelika_1.png\" alt=\"\" class=\"wp-image-1022\" srcset=\"https:\/\/medyoucation.medicon.de\/wp-content\/uploads\/2023\/03\/Angelika_1.png 336w, https:\/\/medyoucation.medicon.de\/wp-content\/uploads\/2023\/03\/Angelika_1-259x300.png 259w\" sizes=\"auto, (max-width: 336px) 100vw, 336px\" \/><\/figure>\n<\/div>\n<\/div>\n\n\n\n<p style=\"margin-top:var(--wp--preset--spacing--50);margin-right:0;margin-bottom:0;margin-left:0;line-height:1.5\"><strong>Wof\u00fcr steht Angelika Hiestand in der Ausbildung?<\/strong><\/p>\n\n\n\n<p style=\"margin-top:var(--wp--preset--spacing--20);margin-right:var(--wp--preset--spacing--20);margin-bottom:var(--wp--preset--spacing--20);margin-left:var(--wp--preset--spacing--20);line-height:1.4\"><em>Die Arbeit mit jungen Menschen macht mir sehr viel Spa\u00df und ich m\u00f6chte jedem die M\u00f6glichkeit geben eine gute Ausbildung zu erhalten. Eine gute Ausbildung ist der erste Schritt in das Berufsleben und ich finde es sehr wichtig, dass die Ausbildung Spa\u00df macht und aber dennoch zu einem guten Abschluss f\u00fchrt. Dabei m\u00f6chte ich die Auszubildenen unterst\u00fctzen und sie auch begleiten.&nbsp;<\/em><\/p>\n\n\n\n<div style=\"height:40px\" aria-hidden=\"true\" class=\"wp-block-spacer\"><\/div>\n\n\n\n<div class=\"wp-block-columns is-layout-flex wp-container-core-columns-is-layout-28f84493 wp-block-columns-is-layout-flex\">\n<div class=\"wp-block-column is-layout-flow wp-block-column-is-layout-flow\" style=\"flex-basis:66.66%\">\n<p class=\"has-luminous-vivid-orange-color has-text-color has-large-font-size\" style=\"line-height:0\"><strong>Astrid R\u00fcberg<\/strong><\/p>\n\n\n\n<p style=\"margin-top:var(--wp--preset--spacing--20);margin-bottom:0\">Betreuerin f\u00fcr DHBW Studenten<\/p>\n\n\n\n<ul class=\"wp-block-list\" style=\"line-height:1.4\">\n<li>Ausbildung: Diplom-Ingenieurin f\u00fcr Biomedizinische Technik \/ Universit\u00e4t Chemnitz 1995<\/li>\n\n\n\n<li>Beruflicher Werdegang: \n<ul class=\"wp-block-list\">\n<li>1995 \u2013 1999 Medicon &#8211; Au\u00dfendienst Nordost-Deutschland und Berlin<\/li>\n\n\n\n<li>1999 \u2013 2005 Medicon &#8211; Vertriebsleitung VKC (DACH-L\u00e4nder)<\/li>\n\n\n\n<li>2005 \u2013 2009 Volz GmbH &#8211; Key Account Vertrieb Sonderprodukte Hydraulik<\/li>\n\n\n\n<li>2009 \u2013 2020 Medicon Marketing \u2013 Director<\/li>\n\n\n\n<li>Seit 2020 Medicon Global Marketing Director und Prokuristin<\/li>\n<\/ul>\n<\/li>\n<\/ul>\n<\/div>\n\n\n\n<div class=\"wp-block-column is-layout-flow wp-block-column-is-layout-flow\" style=\"flex-basis:33.33%\">\n<figure class=\"wp-block-image size-full\"><img loading=\"lazy\" decoding=\"async\" width=\"335\" height=\"389\" src=\"https:\/\/medyoucation.medicon.de\/wp-content\/uploads\/2023\/03\/Astrid_1.png\" alt=\"\" class=\"wp-image-1023\" srcset=\"https:\/\/medyoucation.medicon.de\/wp-content\/uploads\/2023\/03\/Astrid_1.png 335w, https:\/\/medyoucation.medicon.de\/wp-content\/uploads\/2023\/03\/Astrid_1-258x300.png 258w\" sizes=\"auto, (max-width: 335px) 100vw, 335px\" \/><\/figure>\n<\/div>\n<\/div>\n\n\n\n<p style=\"margin-top:var(--wp--preset--spacing--50);margin-right:0;margin-bottom:0;margin-left:0;line-height:1.4\"><strong>Wof\u00fcr steht Astrid R\u00fcberg in der Ausbildung?<\/strong><\/p>\n\n\n\n<p style=\"margin-top:var(--wp--preset--spacing--20);margin-right:var(--wp--preset--spacing--20);margin-bottom:var(--wp--preset--spacing--20);margin-left:var(--wp--preset--spacing--20);line-height:1.4\"><em>Ich habe viel Freude daran, junge Menschen auf Ihrem Weg ins Berufsleben zu begleiten. Dabei nimmt die Entwicklung der Pers\u00f6nlichkeit und des Mindsets junger Menschen f\u00fcr mich einen gleichen Stellenwert ein wie die Vermittlung von fachlichem Wissen. <\/em><\/p>\n\n\n\n<p style=\"line-height:1.4\"><em>Mit der passenden Einstellung und der Begeisterung f\u00fcr die angenommene Aufgabe ist auch die Bereitschaft zum Lernen und zur Entwicklung gegeben und das sind die Wegbegleiter f\u00fcr ein erf\u00fclltes Berufsleben. Diese Einstellung zu sich selbst und zur eigenen Verantwortung zu finden, ist eine der wichtigsten im Leben, denn sie beeinflusst alle Bereiche, nicht nur den beruflichen. F\u00fcr diese Einstellung ist auch jeder Mensch selbst verantwortlich. Dies zu erkennen und zu entwickeln &#8211; dabei m\u00f6chte ich gern unterst\u00fctzen und anleiten.<\/em><\/p>\n\n\n\n<div style=\"height:40px\" aria-hidden=\"true\" class=\"wp-block-spacer\"><\/div>\n\n\n\n<div class=\"wp-block-columns is-layout-flex wp-container-core-columns-is-layout-28f84493 wp-block-columns-is-layout-flex\">\n<div class=\"wp-block-column is-layout-flow wp-block-column-is-layout-flow\" style=\"flex-basis:66.66%\">\n<p class=\"has-luminous-vivid-orange-color has-text-color has-large-font-size\" style=\"line-height:0\"><strong>Waleri Hettinger<\/strong><\/p>\n\n\n\n<p style=\"margin-top:var(--wp--preset--spacing--20);margin-bottom:0\">Logistikleiter<\/p>\n<\/div>\n\n\n\n<div class=\"wp-block-column is-layout-flow wp-block-column-is-layout-flow\" style=\"flex-basis:33.33%\">\n<figure class=\"wp-block-image size-full\"><img loading=\"lazy\" decoding=\"async\" width=\"335\" height=\"389\" src=\"https:\/\/medyoucation.medicon.de\/wp-content\/uploads\/2023\/03\/Waleri-1.png\" alt=\"\" class=\"wp-image-1032\" srcset=\"https:\/\/medyoucation.medicon.de\/wp-content\/uploads\/2023\/03\/Waleri-1.png 335w, https:\/\/medyoucation.medicon.de\/wp-content\/uploads\/2023\/03\/Waleri-1-258x300.png 258w\" sizes=\"auto, (max-width: 335px) 100vw, 335px\" \/><\/figure>\n<\/div>\n<\/div>\n\n\n\n<p class=\"has-primary-color has-text-color has-medium-font-size\"><strong>Wof\u00fcr steht Waleri Hettinger in der Ausbildung?<\/strong><\/p>\n\n\n\n<p class=\"has-primary-color has-text-color\" style=\"margin-top:var(--wp--preset--spacing--20);margin-right:var(--wp--preset--spacing--20);margin-bottom:var(--wp--preset--spacing--20);margin-left:var(--wp--preset--spacing--20);line-height:1.4\"><em>Als Ausbilder bin ich ein wichtiger Mentor und Coach f\u00fcr die Auszubildenden. Ihr K\u00f6nnen und ihre F\u00e4higkeiten zu erkennen, zu entwickeln und zu verbessern, liegt mir sehr am Herzen. Der Erfolg hieraus ist ein wertvoller Beitrag zur Zukunft der jungen Generation und wird die Arbeitswelt durch neues Denken unserer jungen Mitarbeiterinnen und Mitarbeiter positiv beeinflussen.<br>Mir macht es sehr viel Spa\u00df den Auszubildenen das notwendige Wissen und die praktischen F\u00e4higkeiten beizubringen, um sie erfolgreich auf Ihren Beruf und die bevorstehende Karriere vorzubereiten.<\/em><\/p>\n\n\n\n<div style=\"height:100px\" aria-hidden=\"true\" class=\"wp-block-spacer\"><\/div>\n","protected":false},"excerpt":{"rendered":"<p>Lorena Bogajo Customer Service Wof\u00fcr steht Lorena Bogajo in der Ausbildung? Mir macht es totalen Spa\u00df mit jungen Menschen zu arbeiten und dadurch das \u201einnere Kind\u201c aufleben zu lassen. Die unterschiedlichen Charaktere und Denkweisen kennenzulernen, beim Erwachsenwerden zu unterst\u00fctzen und auch von den Jugendlichen zu lernen. Ich m\u00f6chte unseren Azubis eine ordentliche Ausbildung erm\u00f6glichen und [&hellip;]<\/p>\n","protected":false},"author":4,"featured_media":0,"parent":381,"menu_order":0,"comment_status":"closed","ping_status":"closed","template":"ausbilderteam","meta":{"footnotes":""},"categories":[],"tags":[],"class_list":["post-873","page","type-page","status-publish","hentry"],"_links":{"self":[{"href":"https:\/\/medyoucation.medicon.de\/index.php?rest_route=\/wp\/v2\/pages\/873","targetHints":{"allow":["GET"]}}],"collection":[{"href":"https:\/\/medyoucation.medicon.de\/index.php?rest_route=\/wp\/v2\/pages"}],"about":[{"href":"https:\/\/medyoucation.medicon.de\/index.php?rest_route=\/wp\/v2\/types\/page"}],"author":[{"embeddable":true,"href":"https:\/\/medyoucation.medicon.de\/index.php?rest_route=\/wp\/v2\/users\/4"}],"replies":[{"embeddable":true,"href":"https:\/\/medyoucation.medicon.de\/index.php?rest_route=%2Fwp%2Fv2%2Fcomments&post=873"}],"version-history":[{"count":20,"href":"https:\/\/medyoucation.medicon.de\/index.php?rest_route=\/wp\/v2\/pages\/873\/revisions"}],"predecessor-version":[{"id":1368,"href":"https:\/\/medyoucation.medicon.de\/index.php?rest_route=\/wp\/v2\/pages\/873\/revisions\/1368"}],"up":[{"embeddable":true,"href":"https:\/\/medyoucation.medicon.de\/index.php?rest_route=\/wp\/v2\/pages\/381"}],"wp:attachment":[{"href":"https:\/\/medyoucation.medicon.de\/index.php?rest_route=%2Fwp%2Fv2%2Fmedia&parent=873"}],"wp:term":[{"taxonomy":"category","embeddable":true,"href":"https:\/\/medyoucation.medicon.de\/index.php?rest_route=%2Fwp%2Fv2%2Fcategories&post=873"},{"taxonomy":"post_tag","embeddable":true,"href":"https:\/\/medyoucation.medicon.de\/index.php?rest_route=%2Fwp%2Fv2%2Ftags&post=873"}],"curies":[{"name":"wp","href":"https:\/\/api.w.org\/{rel}","templated":true}]}}