{"id":967,"date":"2023-03-08T09:25:53","date_gmt":"2023-03-08T08:25:53","guid":{"rendered":"https:\/\/medyoucation.medicon.de\/?page_id=967"},"modified":"2023-03-14T09:02:11","modified_gmt":"2023-03-14T08:02:11","slug":"werte-und-grundsaetze-der-ausbildung","status":"publish","type":"page","link":"https:\/\/medyoucation.medicon.de\/?page_id=967","title":{"rendered":"Werte und Grunds\u00e4tze der Ausbildung bei Medicon"},"content":{"rendered":"\n<p class=\"has-medium-font-size\" style=\"line-height:1.4\">Unsere Azubis und Studierenden sind unsere zuk\u00fcnftigen Kolleg*innen \u2013 also tun wir alles daf\u00fcr, sie darauf vorzubereiten, nach Ihrer Ausbildung auf Augenh\u00f6he mit uns zusammenzuarbeiten.<\/p>\n\n\n\n<p class=\"has-medium-font-size\" style=\"margin-top:var(--wp--preset--spacing--20);line-height:1.4\">Die Medicon garantiert jedem Azubi die \u00dcbernahme in einen sicheren Job mit Zukunftsaussichten \u2013 also geh\u00f6ren sie in unsere Mitte \u2013 von Anfang an.<\/p>\n\n\n\n<p class=\"has-medium-font-size\" style=\"margin-top:var(--wp--preset--spacing--20);margin-right:var(--wp--preset--spacing--20);margin-bottom:var(--wp--preset--spacing--20);margin-left:var(--wp--preset--spacing--20);line-height:1.4\">Unsere Azubis erhalten w\u00e4hrend ihrer Ausbildung einen enormen Wissensfundus \u00fcber alle Funktionsbereiche der Medicon eG \u2013 oft mehr als alle \u201eQuereinsteiger\u201c jemals haben werden. Denn sie haben in Ihrer Ausbildung in allen Abteilungen mitgearbeitet.<\/p>\n\n\n\n<p class=\"has-medium-font-size\" style=\"margin-top:var(--wp--preset--spacing--20);margin-right:var(--wp--preset--spacing--20);margin-bottom:var(--wp--preset--spacing--20);margin-left:var(--wp--preset--spacing--20);line-height:1.4\">Zus\u00e4tzlich erweitern wir diesen Wissensfundus mit Schulungen zu medizinisch-fachlichen oder arbeitsorganisatorischen Themen, so dass wir nach Beendigung der Ausbildung rundum aufs Berufsleben vorbereitete junge Kolleg*innen haben. <strong>Das nennen wir 360\u00b0 &#8211; Ausbildung!<\/strong><\/p>\n\n\n\n<p class=\"has-medium-font-size\" style=\"margin-top:var(--wp--preset--spacing--20);margin-right:var(--wp--preset--spacing--20);margin-bottom:var(--wp--preset--spacing--20);margin-left:var(--wp--preset--spacing--20);line-height:1.4\">Gegenseitige Wertsch\u00e4tzung ist die Grundlage einer guten, vertrauensvollen Ausbildung. Erinnert Euch daran, wie Ihr als junge Menschen ins Berufsleben gestartet seid. Hattet Ihr Mentor*innen, an die Ihr Euch auch heute noch gern erinnert? Nicht nur weil sie nett waren, sondern weil sie Euch gefordert haben, Euch etwas abverlangt haben? Sich mit Euch \u00fcber Erreichtes freuten? Und \u2013 wenn Ihr mal Mist gebaut habt \u2013 ein faires Feedback gaben?<\/p>\n\n\n\n<p class=\"has-medium-font-size\" style=\"margin-top:var(--wp--preset--spacing--20);margin-right:0;margin-bottom:var(--wp--preset--spacing--30);margin-left:0;line-height:1.4\">Seid dieser Mentor f\u00fcr unsere Azubis. Niemand sagt, dass es immer leicht und einfach wird. Aber wir bei Medicon sagen, dass es immer fair und nach vorn gerichtet zugehen wird.<\/p>\n","protected":false},"excerpt":{"rendered":"<p>Unsere Azubis und Studierenden sind unsere zuk\u00fcnftigen Kolleg*innen \u2013 also tun wir alles daf\u00fcr, sie darauf vorzubereiten, nach Ihrer Ausbildung auf Augenh\u00f6he mit uns zusammenzuarbeiten. Die Medicon garantiert jedem Azubi die \u00dcbernahme in einen sicheren Job mit Zukunftsaussichten \u2013 also geh\u00f6ren sie in unsere Mitte \u2013 von Anfang an. Unsere Azubis erhalten w\u00e4hrend ihrer Ausbildung [&hellip;]<\/p>\n","protected":false},"author":4,"featured_media":0,"parent":381,"menu_order":0,"comment_status":"closed","ping_status":"closed","template":"ausbilderteam","meta":{"footnotes":""},"categories":[],"tags":[],"class_list":["post-967","page","type-page","status-publish","hentry"],"_links":{"self":[{"href":"https:\/\/medyoucation.medicon.de\/index.php?rest_route=\/wp\/v2\/pages\/967","targetHints":{"allow":["GET"]}}],"collection":[{"href":"https:\/\/medyoucation.medicon.de\/index.php?rest_route=\/wp\/v2\/pages"}],"about":[{"href":"https:\/\/medyoucation.medicon.de\/index.php?rest_route=\/wp\/v2\/types\/page"}],"author":[{"embeddable":true,"href":"https:\/\/medyoucation.medicon.de\/index.php?rest_route=\/wp\/v2\/users\/4"}],"replies":[{"embeddable":true,"href":"https:\/\/medyoucation.medicon.de\/index.php?rest_route=%2Fwp%2Fv2%2Fcomments&post=967"}],"version-history":[{"count":3,"href":"https:\/\/medyoucation.medicon.de\/index.php?rest_route=\/wp\/v2\/pages\/967\/revisions"}],"predecessor-version":[{"id":971,"href":"https:\/\/medyoucation.medicon.de\/index.php?rest_route=\/wp\/v2\/pages\/967\/revisions\/971"}],"up":[{"embeddable":true,"href":"https:\/\/medyoucation.medicon.de\/index.php?rest_route=\/wp\/v2\/pages\/381"}],"wp:attachment":[{"href":"https:\/\/medyoucation.medicon.de\/index.php?rest_route=%2Fwp%2Fv2%2Fmedia&parent=967"}],"wp:term":[{"taxonomy":"category","embeddable":true,"href":"https:\/\/medyoucation.medicon.de\/index.php?rest_route=%2Fwp%2Fv2%2Fcategories&post=967"},{"taxonomy":"post_tag","embeddable":true,"href":"https:\/\/medyoucation.medicon.de\/index.php?rest_route=%2Fwp%2Fv2%2Ftags&post=967"}],"curies":[{"name":"wp","href":"https:\/\/api.w.org\/{rel}","templated":true}]}}